{"id":467,"date":"2023-08-30T14:22:34","date_gmt":"2023-08-30T11:22:34","guid":{"rendered":"https:\/\/topwagen.ro\/informatii-utile\/"},"modified":"2024-10-08T08:45:09","modified_gmt":"2024-10-08T05:45:09","slug":"informazioni-utili","status":"publish","type":"page","link":"https:\/\/topwagen.ro\/it\/informazioni-utili\/","title":{"rendered":"Informazioni utili"},"content":{"rendered":"<p>[vc_row el_class=&#8221;paginainformatiiutile&#8221; css=&#8221;.vc_custom_1693395076388{margin-top: 0px !important;margin-bottom: 0px !important;}&#8221; mobile_bg_img_hidden=&#8221;no&#8221; tablet_bg_img_hidden=&#8221;no&#8221; takehost_parallax=&#8221;0&#8243; takehost_gradient_switch=&#8221;no&#8221; row_reverse_mobile=&#8221;0&#8243; row_reverse_tablet=&#8221;0&#8243; takehost_disable_overflow=&#8221;0&#8243;][vc_column width=&#8221;1\/2&#8243; css=&#8221;.vc_custom_1693395094612{margin-top: 0px !important;margin-bottom: 0px !important;padding-top: 0px !important;padding-bottom: 0px !important;}&#8221; mobile_bg_img_hidden=&#8221;no&#8221; tablet_bg_img_hidden=&#8221;no&#8221; takehost_parallax=&#8221;0&#8243; takehost_sticky_column=&#8221;false&#8221; parallax_scroll=&#8221;no&#8221; mobile_reset_margin=&#8221;no&#8221; tablet_reset_margin=&#8221;no&#8221; el_class=&#8221;stangainformatiiuti&#8221;][vc_column_text text_larger=&#8221;no&#8221; css=&#8221;.vc_custom_1728366306971{margin-top: 0px !important;margin-bottom: 0px !important;padding-top: 0px !important;padding-bottom: 0px !important;}&#8221;]<\/p>\n<h1>Come si noleggia un\u2019auto?<\/h1>\n<p>Noleggiate la vostra auto preferita nei seguenti modi:<\/p>\n<ol>\n<li>Prenotazione online sul sito <a href=\"https:\/\/topwagen.ro\/it\/\">www.topwagen.ro<\/a><\/li>\n<li>Per telefono o direttamente su WhatsApp al numero <a href=\"tel:+40755156757\">+40 755 156 757<\/a><\/li>\n<li>Per e-mail all\u2019indirizzo <a href=\"mailto:contact@topwagen.ro\">contact@topwagen.ro<\/a><\/li>\n<li>Visitare uno dei nostri uffici.<\/li>\n<\/ol>\n<h4>Qual \u00e8 il prossimo passo?<\/h4>\n<p>Dopo che la prenotazione \u00e8 stata confermata, tutto ci\u00f2 che dovete fare \u00e8 incontrare uno dei nostri agenti nel luogo, nella data e nell\u2019ora stabiliti per ritirare l\u2019auto.<\/p>\n<h4>Che cos\u2019\u00e8 l\u2019assicurazione CASCO totale e a che cosa mi aiuta?<\/h4>\n<p><strong>L\u2019assicurazione Casco completa \u2013 \u201cRISCHIO 0\u201d<\/strong> vi risparmia stress e altri grattacapi in caso di danni, riducendo a 0 la vostra responsabilit\u00e0 finanziaria. \u00c8 per voi se volete godervi un soggiorno senza preoccupazioni. L\u2019assicurazione Casco completa elimina l\u2019obbligo di pagare la garanzia\/deposito.<\/p>\n<h4>Qual \u00e8 la garanzia\/il deposito auto?<\/h4>\n<p>Se opti per questa opzione, alla data della sottoscrizione del Contratto di Noleggio, dovrai bloccare sulla carta di credito un importo di denaro che potr\u00e0 differire a seconda della classe dell&#8217;auto che costituisce la Garanzia\/Cauzione. Il cliente \u00e8 pienamente responsabile per eventuali danni subiti durante il periodo di noleggio (es. danni frequenti: colpi ricevuti con la portiera, scheggiature sul parabrezza o sulla carrozzeria, graffi avvenuti durante la sosta, ecc.)[\/vc_column_text][\/vc_column][vc_column width=&#8221;1\/2&#8243; css=&#8221;.vc_custom_1693395067897{margin-top: 0px !important;margin-bottom: 0px !important;padding-top: 0px !important;padding-bottom: 0px !important;}&#8221; mobile_bg_img_hidden=&#8221;no&#8221; tablet_bg_img_hidden=&#8221;no&#8221; takehost_parallax=&#8221;0&#8243; takehost_sticky_column=&#8221;false&#8221; parallax_scroll=&#8221;no&#8221; mobile_reset_margin=&#8221;no&#8221; tablet_reset_margin=&#8221;no&#8221;][vc_column_text text_larger=&#8221;no&#8221; css=&#8221;.vc_custom_1693754009447{margin-top: 0px !important;margin-bottom: 0px !important;padding-top: 0px !important;padding-bottom: 0px !important;}&#8221;]<\/p>\n<h5>Ho un limite di chilometri?<\/h5>\n<p><strong>Top Wagen<\/strong> noleggia auto senza dover calcolare le distanze da percorrere. I chilometri sono illimitati![\/vc_column_text][vc_column_text text_larger=&#8221;no&#8221; css=&#8221;.vc_custom_1693754005975{margin-top: 0px !important;margin-bottom: 0px !important;padding-top: 0px !important;padding-bottom: 0px !important;}&#8221; el_class=&#8221;ceesteinclus&#8221;]<\/p>\n<h6>Cosa \u00e8 incluso nel prezzo?<\/h6>\n<ul>\n<li>Assicurazione RCA<\/li>\n<li>Rovignieta \u2013 strada a pedaggio<\/li>\n<li>Ispezione tecnica<\/li>\n<li>Consegna gratuita all\u2019aeroporto o alla citt\u00e0 di Iasi<\/li>\n<li>Assistenza telefonica di emergenza 24 ore su 24, 7 giorni su 7<\/li>\n<li>Pneumatici invernali nella stagione fredda<\/li>\n<li>Cambio di prenotazione gratuito<\/li>\n<li>Tempo supplementare libero (max. 1 ora)<\/li>\n<\/ul>\n<p>[\/vc_column_text][vc_column_text text_larger=&#8221;no&#8221; css=&#8221;.vc_custom_1702127728037{margin-top: 0px !important;margin-bottom: 0px !important;padding-top: 0px !important;padding-bottom: 0px !important;}&#8221; el_class=&#8221;cenuesteinclus&#8221;]<\/p>\n<h6>Cosa non \u00e8 incluso nel prezzo?<\/h6>\n<ul>\n<li>Carburante<\/li>\n<li>Pagare il parcheggio\/Pod<\/li>\n<li>Pagare le multe stradali<\/li>\n<li>Tassa per l\u2019autolavaggio (10\u20ac)<\/li>\n<\/ul>\n<p>[\/vc_column_text][\/vc_column][\/vc_row]<\/p>\n","protected":false},"excerpt":{"rendered":"<p>[vc_row el_class=&#8221;paginainformatiiutile&#8221; css=&#8221;.vc_custom_1693395076388{margin-top: 0px !important;margin-bottom: 0px !important;}&#8221; mobile_bg_img_hidden=&#8221;no&#8221; tablet_bg_img_hidden=&#8221;no&#8221; takehost_parallax=&#8221;0&#8243; takehost_gradient_switch=&#8221;no&#8221; row_reverse_mobile=&#8221;0&#8243; row_reverse_tablet=&#8221;0&#8243; takehost_disable_overflow=&#8221;0&#8243;][vc_column width=&#8221;1\/2&#8243; css=&#8221;.vc_custom_1693395094612{margin-top: 0px !important;margin-bottom: 0px !important;padding-top:<\/p>\n","protected":false},"author":9,"featured_media":0,"parent":0,"menu_order":0,"comment_status":"closed","ping_status":"closed","template":"","meta":{"footnotes":""},"class_list":["post-467","page","type-page","status-publish","hentry"],"aioseo_notices":[],"_links":{"self":[{"href":"https:\/\/topwagen.ro\/it\/wp-json\/wp\/v2\/pages\/467","targetHints":{"allow":["GET"]}}],"collection":[{"href":"https:\/\/topwagen.ro\/it\/wp-json\/wp\/v2\/pages"}],"about":[{"href":"https:\/\/topwagen.ro\/it\/wp-json\/wp\/v2\/types\/page"}],"author":[{"embeddable":true,"href":"https:\/\/topwagen.ro\/it\/wp-json\/wp\/v2\/users\/9"}],"replies":[{"embeddable":true,"href":"https:\/\/topwagen.ro\/it\/wp-json\/wp\/v2\/comments?post=467"}],"version-history":[{"count":0,"href":"https:\/\/topwagen.ro\/it\/wp-json\/wp\/v2\/pages\/467\/revisions"}],"wp:attachment":[{"href":"https:\/\/topwagen.ro\/it\/wp-json\/wp\/v2\/media?parent=467"}],"curies":[{"name":"wp","href":"https:\/\/api.w.org\/{rel}","templated":true}]}}