{"id":492,"date":"2023-08-27T13:01:05","date_gmt":"2023-08-27T10:01:05","guid":{"rendered":"https:\/\/topwagen.ro\/politica-de-confidentialitate\/"},"modified":"2023-09-09T19:43:32","modified_gmt":"2023-09-09T16:43:32","slug":"politica-de-privacidad","status":"publish","type":"page","link":"https:\/\/topwagen.ro\/es\/politica-de-privacidad\/","title":{"rendered":"Pol\u00edtica de privacidad"},"content":{"rendered":"<h1>Pol\u00edtica de privacidad<\/h1>\n<p>La confidencialidad de los datos es de particular importancia para <strong>SC TOP WAGEN SRL<\/strong> y queremos ser abiertos y transparentes con respecto al procesamiento de datos personales. Por ello, contamos con una pol\u00edtica en la que se define la forma de procesar y proteger sus datos personales.<\/p>\n<h4>Qui\u00e9n es el operador de los datos personales?<\/h4>\n<p>El sitio web <a href=\"https:\/\/topwagen.ro\/es\/\"><strong>www.topwagen.ro<\/strong><\/a> es propiedad y est\u00e1 gestionado por <strong>SC TOP WAGEN SRL<\/strong> empresa rumana sin. fiscal <strong><span class=\"list-content\">J22\/3501\/2022<\/span><\/strong>, con c\u00f3digo de registro fiscal \u00fanico <strong>46816725<\/strong>, con el que se puede contactar en la direcci\u00f3n de correo electr\u00f3nico: <a href=\"mailto:contact@topwagen.ro\">contact@topwagen.ro<\/a> y es el operador de los datos personales que usted nos transmite y es responsable de sus datos personales de acuerdo con la legislaci\u00f3n de protecci\u00f3n de datos aplicable.<\/p>\n<h4>Cu\u00e1l es el prop\u00f3sito de la recopilaci\u00f3n de datos?<\/h4>\n<p>Cuando usted nos proporciona datos personales, SC TOP WAGEN SRL podr\u00e1 utilizarlos para las siguientes finalidades:<\/p>\n<p>* facturar los productos solicitados por usted;<\/p>\n<p>* su entrega;<\/p>\n<p>* registro en el programa de fidelizaci\u00f3n <strong>SC TOP WAGEN SRL;<\/strong><\/p>\n<p>* emisi\u00f3n de vales promocionales;<\/p>\n<p>* transmisi\u00f3n de ofertas, mensajes publicitarios y de marketing;<\/p>\n<p>* informaci\u00f3n sobre promociones por correo postal, correo electr\u00f3nico o SMS.<\/p>\n<p><strong>SC TOP WAGEN SRL<\/strong> puede utilizar datos estad\u00edsticos o datos an\u00f3nimos resultantes del tratamiento para las siguientes finalidades:<\/p>\n<p>* creaci\u00f3n de informes\/an\u00e1lisis;<br \/>\n* obtenci\u00f3n de informaci\u00f3n para fines propios.<\/p>\n<h4>D\u00f3nde almacenamos tus datos?<\/h4>\n<p>Los datos que recopilamos sobre usted se almacenan en el alojamiento web que activa el sitio web de la empresa <strong>SC TOP WAGEN SRL.<\/strong><\/p>\n<h4>Qui\u00e9n tiene acceso a tus datos?<\/h4>\n<p>A sus datos s\u00f3lo accede la empresa <strong>SC TOP WAGEN SRL.<\/strong><\/p>\n<p>No transmitimos, vendemos ni transferimos sus datos a terceros con fines de marketing ajenos a nuestra empresa <strong>SC TOP WAGEN SRL<\/strong>.<\/p>\n<h4>Cu\u00e1l es la base legal para el procesamiento?<\/h4>\n<p>Para cada procesamiento espec\u00edfico de datos personales que recopilamos de usted, le informaremos si el suministro de datos personales es requerido por la normativa o si es necesario para celebrar un contrato, si es obligatorio proporcionarnos datos personales y cu\u00e1les son las posibles consecuencias si se niega.<\/p>\n<h4>Cu\u00e1les son tus derechos?<\/h4>\n<p><strong>1. El derecho de acceso<\/strong><br \/>\nTiene derecho a solicitar informaci\u00f3n sobre los datos personales que tenemos sobre usted. Puede ponerse en contacto con nuestra empresa, <strong>SC TOP WAGEN SRL<\/strong>, la cual le proporcionar\u00e1 sus datos personales mediante correo electr\u00f3nico.<\/p>\n<p><strong>2. El derecho a la portabilidad<\/strong><br \/>\nSiempre que <strong>SC TOP WAGEN SRL<\/strong> procese sus datos personales por medios autom\u00e1ticos en base a su acuerdo o en base a un acuerdo, usted tiene derecho a obtener la transferencia de una copia de sus datos en un formato estructurado utilizado procesados \u200b\u200bfrecuente y autom\u00e1ticamente por usted o por otra parte. Esto incluye \u00fanicamente los datos personales que usted nos ha enviado.<\/p>\n<p><strong>3. El derecho a la rectificaci\u00f3n<\/strong><br \/>\nTiene derecho a solicitar la rectificaci\u00f3n de sus datos personales, si son incorrectos, incluido el derecho a completar los datos personales incompletos. Si tiene una cuenta en el sitio web <a href=\"https:\/\/topwagen.ro\/es\/\"><strong>www.topwagen.ro<\/strong><\/a>, o es miembro de <strong> SC TOP WAGEN SRL <\/strong>usted puede editar sus datos personales desde su cuenta.<\/p>\n<p><strong>4. Derecho a suprimir datos<\/strong><br \/>\nUsted tiene derecho a eliminar cualquier dato personal tratado por <strong>SC TOP WAGEN SRL<\/strong> en cualquier momento, con excepci\u00f3n de las siguientes situaciones:<\/p>\n<p>* tiene una solicitud sin resolver en Servicio al Cliente;<br \/>\n* tiene un pedido abierto que a\u00fan no ha sido enviado o ha sido enviado parcialmente;<br \/>\n* tiene una deuda impaga con <strong>SC TOP WAGEN SRL<\/strong>, independientemente del m\u00e9todo de pago;<br \/>\n* si existe sospecha o ha utilizado nuestros servicios de forma abusiva en los \u00faltimos a\u00f1os;<br \/>\n* la deuda que tiene con <strong>SC TOP WAGEN SRL<\/strong> ha sido vendida a un tercero en los \u00faltimos tres a\u00f1os o en el \u00faltimo a\u00f1o para clientes fallecidos;<br \/>\n* su solicitud de cr\u00e9dito fue rechazada en los \u00faltimos tres meses;<br \/>\n* si ha realizado una compra, conservaremos sus datos personales relacionados con su transacci\u00f3n de acuerdo con la legislaci\u00f3n contable.<\/p>\n<p><strong>5. Derecho a oponerse al tratamiento basado en el inter\u00e9s leg\u00edtimo<\/strong><br \/>\nUsted tiene derecho a oponerse al tratamiento de sus datos personales en base al inter\u00e9s leg\u00edtimo de <strong>SC TOP WAGEN SRL<\/strong>. <strong>SC TOP WAGEN SRL<\/strong> no continuar\u00e1 procesando datos personales a menos que podamos demostrar un motivo leg\u00edtimo para el procesamiento que prevalezca sobre sus intereses y derechos o basado en procedimientos legales.<\/p>\n<p><strong>6. El derecho a la limitaci\u00f3n del tratamiento<\/strong><br \/>\nUsted tiene derecho a solicitar que <strong>SC TOP WAGEN SRL<\/strong> restrinja el tratamiento de sus datos personales en las siguientes situaciones:<\/p>\n<p>* si se opone al tratamiento basado en el inter\u00e9s leg\u00edtimo de <strong>SC TOP WAGEN SRL<\/strong>, <strong>SC TOP WAGEN SRL<\/strong> restringir\u00e1 cualquier tratamiento de estos datos hasta que se confirme el inter\u00e9s leg\u00edtimo.<br \/>\n* si afirma que sus datos personales son incorrectos, <strong>SC TOP WAGEN SRL<\/strong> debe restringir cualquier procesamiento de estos datos hasta que se verifique la exactitud de los datos personales.<br \/>\n* si el tratamiento es il\u00edcito, podr\u00e1 oponerse a la supresi\u00f3n de sus datos personales y solicitar la limitaci\u00f3n del uso de sus datos personales.<br \/>\n* si <strong>SC TOP WAGEN SRL<\/strong> ya no necesita sus datos personales, pero son necesarios para defender sus derechos ante los tribunales.<\/p>\n<p><strong>C\u00f3mo puedes ejercer tus derechos?<\/strong><br \/>\nDamos gran importancia a la protecci\u00f3n de los datos personales, por eso nuestra empresa estar\u00e1 a su disposici\u00f3n siempre que tenga problemas o preguntas, env\u00ede un correo electr\u00f3nico a <a href=\"mailto:contact@topwagen.ro\">contact@topwagen.ro<\/a><\/p>\n<p><strong>7. El derecho a presentar una reclamaci\u00f3n ante una autoridad supervisora<\/strong><\/p>\n<p>Si cree que <strong>SC TOP WAGEN SRL<\/strong> procesa sus datos personales de forma incorrecta, puede contactarnos. Tambi\u00e9n tiene derecho a presentar una queja ante una autoridad supervisora.<\/p>\n<h4>Actualizaciones del Aviso de Privacidad:<\/h4>\n<p>Es posible que necesitemos actualizar nuestro <em>Aviso de Privacidad<\/em>. La versi\u00f3n m\u00e1s reciente del Aviso de Privacidad se encuentra disponible permanentemente en nuestro sitio web. Le comunicaremos cualquier cambio significativo al Aviso de Privacidad, por ejemplo la finalidad para la que utilizamos sus datos personales, la identidad del operador o sus derechos.<\/p>\n","protected":false},"excerpt":{"rendered":"<p>Pol\u00edtica de privacidad La confidencialidad de los datos es de particular importancia para SC TOP WAGEN SRL y queremos ser<\/p>\n","protected":false},"author":9,"featured_media":0,"parent":0,"menu_order":0,"comment_status":"closed","ping_status":"closed","template":"","meta":{"footnotes":""},"class_list":["post-492","page","type-page","status-publish","hentry"],"aioseo_notices":[],"_links":{"self":[{"href":"https:\/\/topwagen.ro\/es\/wp-json\/wp\/v2\/pages\/492","targetHints":{"allow":["GET"]}}],"collection":[{"href":"https:\/\/topwagen.ro\/es\/wp-json\/wp\/v2\/pages"}],"about":[{"href":"https:\/\/topwagen.ro\/es\/wp-json\/wp\/v2\/types\/page"}],"author":[{"embeddable":true,"href":"https:\/\/topwagen.ro\/es\/wp-json\/wp\/v2\/users\/9"}],"replies":[{"embeddable":true,"href":"https:\/\/topwagen.ro\/es\/wp-json\/wp\/v2\/comments?post=492"}],"version-history":[{"count":0,"href":"https:\/\/topwagen.ro\/es\/wp-json\/wp\/v2\/pages\/492\/revisions"}],"wp:attachment":[{"href":"https:\/\/topwagen.ro\/es\/wp-json\/wp\/v2\/media?parent=492"}],"curies":[{"name":"wp","href":"https:\/\/api.w.org\/{rel}","templated":true}]}}