{"id":480,"date":"2023-08-27T13:00:53","date_gmt":"2023-08-27T10:00:53","guid":{"rendered":"https:\/\/topwagen.ro\/politica-privind-cookie\/"},"modified":"2023-09-03T18:26:52","modified_gmt":"2023-09-03T15:26:52","slug":"politica-de-cookies","status":"publish","type":"page","link":"https:\/\/topwagen.ro\/es\/politica-de-cookies\/","title":{"rendered":"Pol\u00edtica de cookies"},"content":{"rendered":"<h1>Pol\u00edtica de cookies<\/h1>\n<p>La informaci\u00f3n que se presenta a continuaci\u00f3n tiene como objetivo informar al usuario de m\u00e1s detalles sobre la colocaci\u00f3n, uso y administraci\u00f3n de las \u00abcookies\u00bb utilizadas por el sitio de Internet de la empresa <strong>SC TOP WAGEN SRL<\/strong>. Tambi\u00e9n hay algunos enlaces \u00fatiles relacionados con este tema.<\/p>\n<p>La p\u00e1gina web <a href=\"https:\/\/topwagen.ro\/es\/\"><strong>www.topwagen.ro<\/strong><\/a> utiliza cookies propias y de terceros para proporcionar a los visitantes una mejor navegaci\u00f3n.<\/p>\n<h4>1. Qu\u00e9 es una \u00abcookie\u00bb?<\/h4>\n<p>Una \u201cCookie de Internet\u201d (t\u00e9rmino tambi\u00e9n conocido como \u201ccookie del navegador\u201d o \u201ccookie HTTP\u201d o simplemente \u201ccookie\u201d) es un peque\u00f1o archivo, formado por letras y n\u00fameros, que se almacenar\u00e1 en el ordenador, terminal m\u00f3vil u otro equipo de un usuario desde el que se accede a Internet.<\/p>\n<p>Una cookie consta de 2 partes: el nombre y el contenido o valor de la cookie. Adem\u00e1s, se determina la duraci\u00f3n de existencia de una cookie; T\u00e9cnicamente, s\u00f3lo el servidor web que envi\u00f3 la cookie puede acceder a ella nuevamente cuando un usuario regresa al sitio web asociado con ese servidor web.<\/p>\n<p>La cookie se instala mediante la solicitud emitida por un servidor web a un navegador (p. ej.: Internet Explorer, Chrome) y es completamente \u00abpasiva\u00bb (no contiene programas de software, virus ni spyware y no puede acceder a la informaci\u00f3n del disco duro del usuario).<\/p>\n<p>Las cookies en s\u00ed no requieren el uso de informaci\u00f3n personal y, en la mayor\u00eda de los casos, no identifican personalmente a los usuarios de Internet.<\/p>\n<h4>2. Cu\u00e1les son las ventajas de las cookies?<\/h4>\n<p>Una cookie contiene informaci\u00f3n que conecta un navegador web (el usuario) y un servidor web espec\u00edfico (el sitio web). Si un navegador accede nuevamente a ese servidor web, puede leer la informaci\u00f3n ya almacenada y reaccionar en consecuencia. Las cookies juegan un papel importante a la hora de facilitar el acceso y la prestaci\u00f3n de m\u00faltiples servicios de los que el usuario disfruta en Internet, tales como:<\/p>\n<p>* Mantener las opciones de varios productos (tallas, otros detalles, etc.) en el carrito de compras (y memorizar estas opciones) &#8211; generando as\u00ed la flexibilidad del \u00abcarrito de compras\u00bb (accediendo a preferencias antiguas accediendo a las opciones \u00abadelante\u00bb y \u00abatr\u00e1s\u00bb \u00bb bot\u00f3n);<\/p>\n<p>* Permitir que se incluyan aplicaciones multimedia u otras aplicaciones de otros sitios en un determinado sitio para crear una experiencia de navegaci\u00f3n m\u00e1s valiosa, \u00fatil y placentera;<\/p>\n<p>* Las cookies proporcionan a los propietarios de sitios web informaci\u00f3n valiosa sobre c\u00f3mo los usuarios utilizan sus sitios web, para que puedan hacerlos a\u00fan m\u00e1s eficientes y accesibles para los usuarios;<\/p>\n<h4>3. Qu\u00e9 tipo de informaci\u00f3n se almacena y se accede a trav\u00e9s de las cookies?<\/h4>\n<p>La cookie almacena informaci\u00f3n importante que mejora la experiencia de navegaci\u00f3n en Internet (por ejemplo, mantener a un usuario conectado a la cuenta de correo web; mantener productos en el carrito de compras).<\/p>\n<h4>4. Por qu\u00e9 son importantes las cookies para Internet?<\/h4>\n<p>Las cookies representan el punto central del funcionamiento eficiente de Internet, ayudando a generar una experiencia de navegaci\u00f3n amigable y adaptada a las preferencias e intereses de cada usuario. Rechazar o deshabilitar las cookies puede inutilizar algunos sitios.<\/p>\n<p>Rechazar o desactivar las cookies no significa que ya no recibir\u00e1 publicidad en l\u00ednea, sino s\u00f3lo que ya no podr\u00e1 tener en cuenta sus preferencias e intereses, resaltados por su comportamiento de navegaci\u00f3n.<\/p>\n<h4>5. Qu\u00e9 Cookies utilizamos?<\/h4>\n<p>Utilizamos dos tipos de cookies: por sesi\u00f3n y fijas. Estos \u00faltimos son archivos temporales que permanecen en el terminal del usuario hasta el final de la sesi\u00f3n o el cierre de la aplicaci\u00f3n (navegador web). Los archivos fijos permanecen en el terminal del usuario durante un per\u00edodo en los par\u00e1metros de las cookies o hasta que sean eliminados manualmente por el usuario.<\/p>\n<h4>6. C\u00f3mo utiliza este sitio las cookies?<\/h4>\n<p>* Cookies de rendimiento del sitio web;<br \/>\n* Cookies de an\u00e1lisis de visitantes;<br \/>\n* Cookies de orientaci\u00f3n geogr\u00e1fica;<br \/>\n* Cookies de registro;<br \/>\n* Cookies para publicidad;<br \/>\n* Cookies de proveedores de publicidad.<\/p>\n<p><strong><em>Ejemplos<\/em><\/strong>:<\/p>\n<p>\u2013 la configuraci\u00f3n de volumen del reproductor de v\u00eddeo;<br \/>\n\u2013 la velocidad de transmisi\u00f3n de v\u00eddeo con la que es compatible el navegador.<\/p>\n<h4>7. Las cookies contienen datos personales?<\/h4>\n<p>Las cookies en s\u00ed no requieren el uso de informaci\u00f3n personal y, en la mayor\u00eda de los casos, no identifican personalmente a los usuarios de Internet. Los datos personales recopilados mediante el uso de cookies solo pueden recopilarse para facilitar determinadas funcionalidades al usuario. Dichos datos se cifran de tal manera que resulta imposible que personas no autorizadas accedan a ellos.<\/p>\n<h4>8. Consejos para una navegaci\u00f3n segura y responsable, basados \u200b\u200ben cookies.<\/h4>\n<p>Las cookies est\u00e1n en todas partes y no se pueden evitar si desea disfrutar del acceso a los mejores y m\u00e1s importantes sitios de Internet, ya sean locales o internacionales. Debido a su flexibilidad y al hecho de que la mayor\u00eda de los sitios m\u00e1s visitados y los m\u00e1s grandes utilizan cookies, son casi inevitables. La desactivaci\u00f3n de las cookies no permitir\u00e1 al usuario acceder a los sitios m\u00e1s difundidos y utilizados, incluidos YouTube, Gmail, Yahoo y otros.<\/p>\n<p>A continuaci\u00f3n se ofrecen algunos consejos que pueden garantizar que navegue sin preocupaciones, pero con la ayuda de las cookies:<\/p>\n<p>Personalice la configuraci\u00f3n de su navegador con respecto a las cookies para reflejar un nivel c\u00f3modo de seguridad de cookies para usted.<\/p>\n<ul>\n<li>Si comparte el acceso a la computadora, puede considerar configurar su navegador para eliminar datos de navegaci\u00f3n individuales cada vez que lo cierre. Esta es una opci\u00f3n para acceder a los sitios que colocan cookies y eliminar cualquier informaci\u00f3n de la visita al final de la sesi\u00f3n de navegaci\u00f3n.<\/li>\n<li>Si no le importan las cookies y es la \u00fanica persona que utiliza la computadora, puede establecer per\u00edodos de caducidad prolongados para almacenar el historial de navegaci\u00f3n y los datos de acceso personal.<\/li>\n<li>Instalar y actualizar constantemente aplicaciones antispyware. Muchas de las aplicaciones de detecci\u00f3n y prevenci\u00f3n de software esp\u00eda incluyen la detecci\u00f3n de ataques a sitios web. De esta forma, evita que el navegador acceda a sitios web que podr\u00edan explotar las vulnerabilidades del navegador o descargar software peligroso.<\/li>\n<li>Aseg\u00farese de que su navegador est\u00e9 siempre actualizado. Muchos de los ataques basados \u200b\u200ben cookies se llevan a cabo aprovechando los puntos d\u00e9biles de las versiones antiguas de los navegadores.<\/li>\n<li>Es posible configurar el navegador para que ya no acepte estas cookies o puede configurar el navegador para que acepte cookies de un sitio espec\u00edfico. Pero, por ejemplo, si no est\u00e1s registrado usando cookies, no podr\u00e1s dejar comentarios.<\/li>\n<li>Todos los navegadores modernos ofrecen la posibilidad de cambiar la configuraci\u00f3n de las cookies. Estas configuraciones generalmente se encuentran en el men\u00fa \u00abopciones\u00bb o \u00abpreferencias\u00bb de su navegador.<\/li>\n<\/ul>\n<p>Para comprender estas configuraciones, los siguientes enlaces pueden resultar \u00fatiles; de lo contrario, puede utilizar la opci\u00f3n \u00abayuda\u00bb de su navegador para obtener m\u00e1s detalles:<br \/>\n<a href=\"https:\/\/support.microsoft.com\/ro-ro\/help\/278835\/how-to-delete-cookie-files-in-internet-explorer\">Configuraci\u00f3n de cookies en Internet Explorer<\/a><br \/>\n<a href=\"https:\/\/support.mozilla.org\/en-US\/kb\/enable-and-disable-cookies-website-preferences\">Configuraci\u00f3n de cookies en Firefox<\/a><br \/>\n<a href=\"https:\/\/support.google.com\/chrome\/answer\/95647?co=GENIE.Platform%3DAndroid&amp;hl=ro\">Configuraci\u00f3n de cookies en Chrome<\/a><br \/>\n<a href=\"https:\/\/support.apple.com\/en-gb\/guide\/safari\/manage-cookies-and-website-data-sfri11471\/mac\">Configuraci\u00f3n de cookies en Safari<\/a><\/p>\n<h4>9. Problemas de seguridad y privacidad<\/h4>\n<p>Las cookies no son virus. No se componen de fragmentos de c\u00f3digo, por lo que no se pueden ejecutar ni ejecutar autom\u00e1ticamente. En consecuencia, no se pueden duplicar ni replicar en otras redes para ejecutarse o replicarse nuevamente. Como no pueden realizar estas funciones, no pueden considerarse virus.<\/p>\n<p>En general, los navegadores tienen configuraciones de privacidad integradas que proporcionan diferentes niveles de aceptaci\u00f3n de cookies, per\u00edodo de validez y eliminaci\u00f3n autom\u00e1tica despu\u00e9s de que el usuario haya visitado un determinado sitio.<\/p>\n<p>Las cookies a\u00fan se pueden utilizar con fines negativos. Debido a que almacenan informaci\u00f3n sobre las preferencias y el historial de navegaci\u00f3n de los usuarios, tanto en un sitio espec\u00edfico como en varios otros sitios, las cookies pueden usarse como una forma de software esp\u00eda. Muchos productos anti-spyware son conscientes de este hecho y marcan constantemente las cookies para que se eliminen durante los procedimientos de escaneo\/eliminaci\u00f3n antivirus\/anti-spyware.<\/p>\n<p><strong>Otros aspectos de seguridad relacionados con las cookies:<\/strong><\/p>\n<p>Dado que la protecci\u00f3n de la identidad es muy valiosa y representa un derecho de todo usuario de Internet, es aconsejable saber qu\u00e9 posibles problemas pueden crear las cookies. Debido a que a trav\u00e9s de ellas se transmite constantemente informaci\u00f3n en ambas direcciones entre el navegador y el sitio web, si un atacante o una persona no autorizada interviene durante la transmisi\u00f3n de datos, la informaci\u00f3n contenida en la cookie puede ser interceptada.<\/p>\n<p>Aunque es muy raro, esto puede suceder si el navegador se conecta al servidor mediante una red no cifrada (por ejemplo, una red WiFi no segura).<\/p>\n<p>Otros ataques basados \u200b\u200ben cookies implican la configuraci\u00f3n incorrecta de cookies en los servidores. Si un sitio web no requiere que el navegador utilice \u00fanicamente canales cifrados, los atacantes pueden utilizar esta vulnerabilidad para enga\u00f1ar a los navegadores para que env\u00eden informaci\u00f3n a trav\u00e9s de canales no seguros. Luego, los atacantes utilizan la informaci\u00f3n para obtener acceso no autorizado a ciertos sitios web. Es muy importante tener cuidado al elegir el m\u00e9todo m\u00e1s adecuado de protecci\u00f3n de informaci\u00f3n personal.<\/p>\n","protected":false},"excerpt":{"rendered":"<p>Pol\u00edtica de cookies La informaci\u00f3n que se presenta a continuaci\u00f3n tiene como objetivo informar al usuario de m\u00e1s detalles sobre<\/p>\n","protected":false},"author":9,"featured_media":0,"parent":0,"menu_order":0,"comment_status":"closed","ping_status":"closed","template":"","meta":{"footnotes":""},"class_list":["post-480","page","type-page","status-publish","hentry"],"aioseo_notices":[],"_links":{"self":[{"href":"https:\/\/topwagen.ro\/es\/wp-json\/wp\/v2\/pages\/480","targetHints":{"allow":["GET"]}}],"collection":[{"href":"https:\/\/topwagen.ro\/es\/wp-json\/wp\/v2\/pages"}],"about":[{"href":"https:\/\/topwagen.ro\/es\/wp-json\/wp\/v2\/types\/page"}],"author":[{"embeddable":true,"href":"https:\/\/topwagen.ro\/es\/wp-json\/wp\/v2\/users\/9"}],"replies":[{"embeddable":true,"href":"https:\/\/topwagen.ro\/es\/wp-json\/wp\/v2\/comments?post=480"}],"version-history":[{"count":0,"href":"https:\/\/topwagen.ro\/es\/wp-json\/wp\/v2\/pages\/480\/revisions"}],"wp:attachment":[{"href":"https:\/\/topwagen.ro\/es\/wp-json\/wp\/v2\/media?parent=480"}],"curies":[{"name":"wp","href":"https:\/\/api.w.org\/{rel}","templated":true}]}}