{"id":472,"date":"2023-08-30T14:22:34","date_gmt":"2023-08-30T11:22:34","guid":{"rendered":"https:\/\/topwagen.ro\/informatii-utile\/"},"modified":"2024-10-08T08:46:44","modified_gmt":"2024-10-08T05:46:44","slug":"informacion-util","status":"publish","type":"page","link":"https:\/\/topwagen.ro\/es\/informacion-util\/","title":{"rendered":"Informaci\u00f3n \u00fatil"},"content":{"rendered":"<p>[vc_row el_class=\u00bbpaginainformatiiutile\u00bb css=\u00bb.vc_custom_1693395076388{margin-top: 0px !important;margin-bottom: 0px !important;}\u00bb mobile_bg_img_hidden=\u00bbno\u00bb tablet_bg_img_hidden=\u00bbno\u00bb takehost_parallax=\u00bb0&#8243; takehost_gradient_switch=\u00bbno\u00bb row_reverse_mobile=\u00bb0&#8243; row_reverse_tablet=\u00bb0&#8243; takehost_disable_overflow=\u00bb0&#8243;][vc_column width=\u00bb1\/2&#8243; css=\u00bb.vc_custom_1693395094612{margin-top: 0px !important;margin-bottom: 0px !important;padding-top: 0px !important;padding-bottom: 0px !important;}\u00bb mobile_bg_img_hidden=\u00bbno\u00bb tablet_bg_img_hidden=\u00bbno\u00bb takehost_parallax=\u00bb0&#8243; takehost_sticky_column=\u00bbfalse\u00bb parallax_scroll=\u00bbno\u00bb mobile_reset_margin=\u00bbno\u00bb tablet_reset_margin=\u00bbno\u00bb el_class=\u00bbstangainformatiiuti\u00bb][vc_column_text text_larger=\u00bbno\u00bb css=\u00bb.vc_custom_1728366402645{margin-top: 0px !important;margin-bottom: 0px !important;padding-top: 0px !important;padding-bottom: 0px !important;}\u00bb]<\/p>\n<h1>C\u00f3mo puedo alquilar un coche?<\/h1>\n<p>Alquile su coche favorito de las siguientes maneras:<\/p>\n<ol>\n<li>Reservas en l\u00ednea en el sitio web <a href=\"https:\/\/topwagen.ro\/es\/\">www.topwagen.ro<\/a><\/li>\n<li>Por tel\u00e9fono o directamente por WhatsApp en el n\u00famero <a href=\"tel:+40755156757\">+40 755 156 757<\/a><\/li>\n<li>Por correo electr\u00f3nico a <a href=\"mailto:contact@topwagen.ro\">contact@topwagen.ro<\/a><\/li>\n<li>Visitar una de nuestras oficinas.<\/li>\n<\/ol>\n<h4>Cu\u00e1l es el siguiente paso?<\/h4>\n<p>Una vez confirmada su reserva, todo lo que tiene que hacer es reunirse con uno de nuestros agentes en el lugar, fecha y hora fijados para recoger el coche.<\/p>\n<h4>Qu\u00e9 es el seguro a CASCO completo y en qu\u00e9 me ayuda?<\/h4>\n<p>El seguro a todo riesgo <strong>Casco \u2013 \u201cRIESGO 0\u201d<\/strong> le ahorra estr\u00e9s y otros quebraderos de cabeza en caso de da\u00f1os, reduce su responsabilidad financiera a 0. Es para usted si quiere disfrutar de una estancia sin preocupaciones. El seguro a todo riesgo de Casco elimina la obligaci\u00f3n de pagar la Garant\u00eda\/Dep\u00f3sito.<\/p>\n<h4>Qu\u00e9 es la garant\u00eda\/dep\u00f3sito del coche?<\/h4>\n<p>Si optas por esta opci\u00f3n, en la fecha de la firma del Contrato de Alquiler, tendr\u00e1s que bloquear una cantidad de dinero en la tarjeta de cr\u00e9dito que puede diferir dependiendo de la clase de coche que representa la Garant\u00eda\/Dep\u00f3sito. El cliente es totalmente responsable de cualquier da\u00f1o sufrido durante el per\u00edodo de alquiler (por ejemplo, da\u00f1os frecuentes: golpes recibidos con la puerta, astillas en el parabrisas o en la carrocer\u00eda, rayones producidos durante el estacionamiento, etc.)[\/vc_column_text][\/vc_column][vc_column width=\u00bb1\/2&#8243; css=\u00bb.vc_custom_1693395067897{margin-top: 0px !important;margin-bottom: 0px !important;padding-top: 0px !important;padding-bottom: 0px !important;}\u00bb mobile_bg_img_hidden=\u00bbno\u00bb tablet_bg_img_hidden=\u00bbno\u00bb takehost_parallax=\u00bb0&#8243; takehost_sticky_column=\u00bbfalse\u00bb parallax_scroll=\u00bbno\u00bb mobile_reset_margin=\u00bbno\u00bb tablet_reset_margin=\u00bbno\u00bb][vc_column_text text_larger=\u00bbno\u00bb css=\u00bb.vc_custom_1693754324806{margin-top: 0px !important;margin-bottom: 0px !important;padding-top: 0px !important;padding-bottom: 0px !important;}\u00bb]<\/p>\n<h5>Tengo un l\u00edmite de kil\u00f3metros?<\/h5>\n<p><strong>Top Wagen<\/strong> alquila coches sin tener que calcular las distancias que tienes que recorrer. Los kil\u00f3metros son ilimitados.[\/vc_column_text][vc_column_text text_larger=\u00bbno\u00bb css=\u00bb.vc_custom_1693754448087{margin-top: 0px !important;margin-bottom: 0px !important;padding-top: 0px !important;padding-bottom: 0px !important;}\u00bb el_class=\u00bbceesteinclus\u00bb]<\/p>\n<h6>Qu\u00e9 est\u00e1 incluido en el precio?<\/h6>\n<ul>\n<li>Seguro RCA<\/li>\n<li>Rovignieta \u2013 autopista de peaje<\/li>\n<li>Inspecci\u00f3n t\u00e9cnica<\/li>\n<li>Entrega gratuita en el aeropuerto de Iasi o en la ciudad de Iasi<\/li>\n<li>Asistencia telef\u00f3nica de emergencia 24 horas al d\u00eda, 7 d\u00edas a la semana<\/li>\n<li>Neum\u00e1ticos de invierno en la estaci\u00f3n fr\u00eda<\/li>\n<li>Cambio gratuito de reserva<\/li>\n<li>Tiempo extra gratuito (m\u00e1x. 1 hora)<\/li>\n<\/ul>\n<p>[\/vc_column_text][vc_column_text text_larger=\u00bbno\u00bb css=\u00bb.vc_custom_1702127770295{margin-top: 0px !important;margin-bottom: 0px !important;padding-top: 0px !important;padding-bottom: 0px !important;}\u00bb el_class=\u00bbcenuesteinclus\u00bb]<\/p>\n<h6>Qu\u00e9 no est\u00e1 incluido en el precio?<\/h6>\n<ul>\n<li>Combustible<\/li>\n<li>Pagar la tasa de aparcamiento\/Puente<\/li>\n<li>Pagar multas de tr\u00e1fico<\/li>\n<li>Tasa de lavado de coches (10\u20ac)<\/li>\n<\/ul>\n<p>[\/vc_column_text][\/vc_column][\/vc_row]<\/p>\n","protected":false},"excerpt":{"rendered":"<p>[vc_row el_class=\u00bbpaginainformatiiutile\u00bb css=\u00bb.vc_custom_1693395076388{margin-top: 0px !important;margin-bottom: 0px !important;}\u00bb mobile_bg_img_hidden=\u00bbno\u00bb tablet_bg_img_hidden=\u00bbno\u00bb takehost_parallax=\u00bb0&#8243; takehost_gradient_switch=\u00bbno\u00bb row_reverse_mobile=\u00bb0&#8243; row_reverse_tablet=\u00bb0&#8243; takehost_disable_overflow=\u00bb0&#8243;][vc_column width=\u00bb1\/2&#8243; css=\u00bb.vc_custom_1693395094612{margin-top: 0px !important;margin-bottom: 0px !important;padding-top:<\/p>\n","protected":false},"author":9,"featured_media":0,"parent":0,"menu_order":0,"comment_status":"closed","ping_status":"closed","template":"","meta":{"footnotes":""},"class_list":["post-472","page","type-page","status-publish","hentry"],"aioseo_notices":[],"_links":{"self":[{"href":"https:\/\/topwagen.ro\/es\/wp-json\/wp\/v2\/pages\/472","targetHints":{"allow":["GET"]}}],"collection":[{"href":"https:\/\/topwagen.ro\/es\/wp-json\/wp\/v2\/pages"}],"about":[{"href":"https:\/\/topwagen.ro\/es\/wp-json\/wp\/v2\/types\/page"}],"author":[{"embeddable":true,"href":"https:\/\/topwagen.ro\/es\/wp-json\/wp\/v2\/users\/9"}],"replies":[{"embeddable":true,"href":"https:\/\/topwagen.ro\/es\/wp-json\/wp\/v2\/comments?post=472"}],"version-history":[{"count":0,"href":"https:\/\/topwagen.ro\/es\/wp-json\/wp\/v2\/pages\/472\/revisions"}],"wp:attachment":[{"href":"https:\/\/topwagen.ro\/es\/wp-json\/wp\/v2\/media?parent=472"}],"curies":[{"name":"wp","href":"https:\/\/api.w.org\/{rel}","templated":true}]}}