{"id":455,"date":"2023-08-21T09:54:00","date_gmt":"2023-08-21T06:54:00","guid":{"rendered":"https:\/\/topwagen.ro\/despre-noi\/"},"modified":"2023-09-03T17:44:43","modified_gmt":"2023-09-03T14:44:43","slug":"sobre-nosotros","status":"publish","type":"page","link":"https:\/\/topwagen.ro\/es\/sobre-nosotros\/","title":{"rendered":"Sobre nosotros"},"content":{"rendered":"<p>[vc_row full_width=\u00bbstretch_row_content_no_spaces\u00bb css=\u00bb.vc_custom_1693153277916{margin-top: 0px !important;margin-bottom: 0px !important;padding-top: 0px !important;padding-bottom: 0px !important;}\u00bb mobile_bg_img_hidden=\u00bbno\u00bb tablet_bg_img_hidden=\u00bbno\u00bb takehost_parallax=\u00bb0&#8243; takehost_gradient_switch=\u00bbno\u00bb row_reverse_mobile=\u00bb0&#8243; row_reverse_tablet=\u00bb0&#8243; takehost_disable_overflow=\u00bb0&#8243;][vc_column css=\u00bb.vc_custom_1693153282948{margin-top: 0px !important;margin-bottom: 0px !important;padding-top: 0px !important;padding-bottom: 0px !important;}\u00bb mobile_bg_img_hidden=\u00bbno\u00bb tablet_bg_img_hidden=\u00bbno\u00bb takehost_parallax=\u00bb0&#8243; takehost_sticky_column=\u00bbfalse\u00bb parallax_scroll=\u00bbno\u00bb mobile_reset_margin=\u00bbno\u00bb tablet_reset_margin=\u00bbno\u00bb]\n\t\t\t<!-- START video despre noi REVOLUTION SLIDER 6.5.31 --><p class=\"rs-p-wp-fix\"><\/p>\n\t\t\t<rs-module-wrap id=\"rev_slider_1_1_wrapper\" data-source=\"gallery\" style=\"visibility:hidden;background:transparent;padding:0;margin:0px auto;margin-top:0;margin-bottom:0;\">\n\t\t\t\t<rs-module id=\"rev_slider_1_1\" style=\"\" data-version=\"6.5.31\">\n\t\t\t\t\t<rs-slides>\n\t\t\t\t\t\t<rs-slide style=\"position: absolute;\" data-key=\"rs-1\" data-title=\"Slide\" data-in=\"o:0;\" data-out=\"a:false;\">\n\t\t\t\t\t\t\t<img decoding=\"async\" src=\"\/\/topwagen.ro\/wp-content\/plugins\/revslider\/public\/assets\/assets\/dummy.png\" alt=\"video car\" title=\"video-prezentare_1.jpeg\" width=\"1280\" height=\"720\" class=\"rev-slidebg tp-rs-img rs-lazyload\" data-lazyload=\"\/\/topwagen.ro\/wp-content\/uploads\/revslider\/video-media\/video-prezentare_1.jpeg\" data-no-retina>\n\t\t\t\t\t\t\t<rs-bgvideo \n\t\t\t\t\t\t\t\tdata-video=\"w:100%;h:100%;nse:false;l:true;ptimer:false;vfc:true;\"\n\t\t\t\t\t\t\t\tdata-mp4=\"\/\/topwagen.ro\/wp-content\/uploads\/2023\/08\/video-prezentare.mp4\"\n\t\t\t\t\t\t\t><\/rs-bgvideo>\n<!---->\t\t\t\t\t\t<\/rs-slide>\n\t\t\t\t\t<\/rs-slides>\n\t\t\t\t<\/rs-module>\n\t\t\t\t<script>\n\t\t\t\t\tsetREVStartSize({c: 'rev_slider_1_1',rl:[1240,1240,1240,480],el:[650,650,650,720],gw:[1240,1240,1240,480],gh:[650,650,650,320],type:'standard',justify:'',layout:'fullwidth',mh:\"0\"});if (window.RS_MODULES!==undefined && window.RS_MODULES.modules!==undefined && window.RS_MODULES.modules[\"revslider11\"]!==undefined) {window.RS_MODULES.modules[\"revslider11\"].once = false;window.revapi1 = undefined;if (window.RS_MODULES.checkMinimal!==undefined) window.RS_MODULES.checkMinimal()}\n\t\t\t\t<\/script>\n\t\t\t<\/rs-module-wrap>\n\t\t\t<!-- END REVOLUTION SLIDER -->\n[\/vc_column][\/vc_row][vc_row el_class=\u00bbdesprenoipagina\u00bb css=\u00bb.vc_custom_1693153811915{margin-top: 0px !important;margin-bottom: 0px !important;}\u00bb mobile_bg_img_hidden=\u00bbno\u00bb tablet_bg_img_hidden=\u00bbno\u00bb takehost_parallax=\u00bb0&#8243; takehost_gradient_switch=\u00bbno\u00bb row_reverse_mobile=\u00bb0&#8243; row_reverse_tablet=\u00bb0&#8243; takehost_disable_overflow=\u00bb0&#8243;][vc_column width=\u00bb1\/2&#8243; css=\u00bb.vc_custom_1693154613915{margin-top: 0px !important;margin-bottom: 0px !important;padding-top: 0px !important;padding-bottom: 0px !important;}\u00bb mobile_bg_img_hidden=\u00bbno\u00bb tablet_bg_img_hidden=\u00bbno\u00bb takehost_parallax=\u00bb0&#8243; takehost_sticky_column=\u00bbfalse\u00bb parallax_scroll=\u00bbno\u00bb mobile_reset_margin=\u00bbno\u00bb tablet_reset_margin=\u00bbno\u00bb el_class=\u00bbstangapadding\u00bb][vc_column_text text_larger=\u00bbno\u00bb css=\u00bb.vc_custom_1693722096224{margin-top: 0px !important;margin-bottom: 0px !important;padding-top: 0px !important;padding-bottom: 0px !important;}\u00bb]<strong>Top Wagen<\/strong> es una empresa con sede en Ia\u0219i que alquila veh\u00edculos tanto a corto como a largo plazo.<\/p>\n<p>Ofrecemos para alquilar varios coches a los precios m\u00e1s competitivos. Tenemos un equipo de personas cualificadas listas para ayudarle a tomar la decisi\u00f3n perfecta sobre el coche alquilado. Todos los coches que alquilamos son de poca edad y se revisan regularmente porque su seguridad nos importa.<\/p>\n<p>Somos muy cuidadosos con nuestros clientes para beneficiarse de los mejores servicios de r un coche \u00bb en Ia\u0219i. Ofrecemos coches de calidad para alquilar a precios bajos en una colaboraci\u00f3n en el est\u00e1ndar europeo.<\/p>\n<p>La profesionalidad y la seriedad nos ayudar\u00e1n a crecer, a desarrollarse como una empresa de alquiler de coches, en un campo extremadamente competitivo. Garantizamos que los servicios que ofrecemos satisfar\u00e1n incluso a los clientes m\u00e1s exigentes. Respondemos a las m\u00e1s altas exigencias con respecto a los servicios de alquiler de coches en Ia\u0219i.<\/p>\n<p>Los precios que cobramos son para todos los bolsillos y para todas las necesidades. Servicios de calidad, seriedad y profesionalidad son nuestros puntos fuertes, cualquiera que sea la solicitud de alquiler de un coche que tenemos que honrar.[\/vc_column_text][\/vc_column][vc_column width=\u00bb1\/2&#8243; css=\u00bb.vc_custom_1693153801140{margin-top: 0px !important;margin-bottom: 0px !important;padding-top: 0px !important;padding-bottom: 0px !important;}\u00bb mobile_bg_img_hidden=\u00bbno\u00bb tablet_bg_img_hidden=\u00bbno\u00bb takehost_parallax=\u00bb0&#8243; takehost_sticky_column=\u00bbfalse\u00bb parallax_scroll=\u00bbno\u00bb mobile_reset_margin=\u00bbno\u00bb tablet_reset_margin=\u00bbno\u00bb]\t\t\t<div id=\"gallery_537\" class=\"takehost-images-gallery gallery-halign-center gallery-valign-middle view-grid photoswipe-images\" >\n\t\t\t\t<div class=\"gallery-images row takehost-spacing-20\">\n\t\t\t\t\t\t\t\t\t\t\t\t\t\t\t\t\t\t<div class=\"takehost-gallery-item col-6\">\n\t\t\t\t\t\t\t\t\t\t\t\t\t\t\t\t\t<a href=\"https:\/\/topwagen.ro\/wp-content\/uploads\/2023\/08\/despre-noi-imagine-1.webp\" data-index=\"1\" data-width=\"1440\" data-height=\"810\"  >\n\t\t\t\t\t\t\t\t\t\t\t\t\t\t\t\t\n\t\t\t\t\t\t\t\t\t\t\t\t\t\t\t\t\t<img loading=\"lazy\" decoding=\"async\" class=\"takehost-gallery-image image-1 \" src=\"https:\/\/topwagen.ro\/wp-content\/uploads\/2023\/08\/despre-noi-imagine-1-400x370.webp\" width=\"400\" height=\"370\" alt=\"car front image\" title=\"despre-noi-imagine-1\" \/>\t\t\t\t\t\t\t\t\t\t\t\t\t\t\t\t\n\t\t\t\t\t\t\t\t\t\t\t\t\t\t\t\t\t<\/a>\n\t\t\t\t\t\t\t\t\t\t\t\t\t\t\t<\/div>\n\t\t\t\t\t\t\t\t\t\t\t\t\t<div class=\"takehost-gallery-item col-6\">\n\t\t\t\t\t\t\t\t\t\t\t\t\t\t\t\t\t<a href=\"https:\/\/topwagen.ro\/wp-content\/uploads\/2023\/08\/despre-noi-imagine-2.webp\" data-index=\"2\" data-width=\"1080\" data-height=\"810\"  >\n\t\t\t\t\t\t\t\t\t\t\t\t\t\t\t\t\n\t\t\t\t\t\t\t\t\t\t\t\t\t\t\t\t\t<img loading=\"lazy\" decoding=\"async\" class=\"takehost-gallery-image image-2 \" src=\"https:\/\/topwagen.ro\/wp-content\/uploads\/2023\/08\/despre-noi-imagine-2-400x370.webp\" width=\"400\" height=\"370\" alt=\"car back image\" title=\"despre-noi-imagine-2\" \/>\t\t\t\t\t\t\t\t\t\t\t\t\t\t\t\t\n\t\t\t\t\t\t\t\t\t\t\t\t\t\t\t\t\t<\/a>\n\t\t\t\t\t\t\t\t\t\t\t\t\t\t\t<\/div>\n\t\t\t\t\t\t\t\t\t\t\t\t\t<div class=\"takehost-gallery-item col-6\">\n\t\t\t\t\t\t\t\t\t\t\t\t\t\t\t\t\t<a href=\"https:\/\/topwagen.ro\/wp-content\/uploads\/2023\/08\/despre-noi-imagine-3.webp\" data-index=\"3\" data-width=\"1500\" data-height=\"844\"  >\n\t\t\t\t\t\t\t\t\t\t\t\t\t\t\t\t\n\t\t\t\t\t\t\t\t\t\t\t\t\t\t\t\t\t<img loading=\"lazy\" decoding=\"async\" class=\"takehost-gallery-image image-3 \" src=\"https:\/\/topwagen.ro\/wp-content\/uploads\/2023\/08\/despre-noi-imagine-3-400x370.webp\" width=\"400\" height=\"370\" alt=\"car front image\" title=\"despre-noi-imagine-3\" \/>\t\t\t\t\t\t\t\t\t\t\t\t\t\t\t\t\n\t\t\t\t\t\t\t\t\t\t\t\t\t\t\t\t\t<\/a>\n\t\t\t\t\t\t\t\t\t\t\t\t\t\t\t<\/div>\n\t\t\t\t\t\t\t\t\t\t\t\t\t<div class=\"takehost-gallery-item col-6\">\n\t\t\t\t\t\t\t\t\t\t\t\t\t\t\t\t\t<a href=\"https:\/\/topwagen.ro\/wp-content\/uploads\/2023\/08\/despre-noi-imagine-4.webp\" data-index=\"4\" data-width=\"1500\" data-height=\"844\"  >\n\t\t\t\t\t\t\t\t\t\t\t\t\t\t\t\t\n\t\t\t\t\t\t\t\t\t\t\t\t\t\t\t\t\t<img loading=\"lazy\" decoding=\"async\" class=\"takehost-gallery-image image-4 \" src=\"https:\/\/topwagen.ro\/wp-content\/uploads\/2023\/08\/despre-noi-imagine-4-400x370.webp\" width=\"400\" height=\"370\" alt=\"car side image\" title=\"despre-noi-imagine-4\" \/>\t\t\t\t\t\t\t\t\t\t\t\t\t\t\t\t\n\t\t\t\t\t\t\t\t\t\t\t\t\t\t\t\t\t<\/a>\n\t\t\t\t\t\t\t\t\t\t\t\t\t\t\t<\/div>\n\t\t\t\t\t\t\t\t\t\t\t\t\t\t\t<\/div>\n\t\t\t<\/div>\n\t\t\t\t\t[\/vc_column][\/vc_row][vc_row full_width=\u00bbstretch_row\u00bb css=\u00bb.vc_custom_1693140016327{margin-bottom: 0px !important;background-color: #ffffff !important;}\u00bb mobile_bg_img_hidden=\u00bbno\u00bb tablet_bg_img_hidden=\u00bbno\u00bb takehost_parallax=\u00bb0&#8243; takehost_gradient_switch=\u00bbno\u00bb row_reverse_mobile=\u00bb0&#8243; row_reverse_tablet=\u00bb0&#8243; takehost_disable_overflow=\u00bb0&#8243; el_class=\u00bbdeceacasa\u00bb][vc_column width=\u00bb1\/4&#8243; css=\u00bb.vc_custom_1693140037102{margin-top: 0px !important;margin-bottom: 0px !important;padding-top: 0px !important;padding-bottom: 0px !important;}\u00bb mobile_bg_img_hidden=\u00bbno\u00bb tablet_bg_img_hidden=\u00bbno\u00bb takehost_parallax=\u00bb0&#8243; takehost_sticky_column=\u00bbfalse\u00bb parallax_scroll=\u00bbno\u00bb mobile_reset_margin=\u00bbno\u00bb tablet_reset_margin=\u00bbno\u00bb][\/vc_column][vc_column width=\u00bb1\/2&#8243; css=\u00bb.vc_custom_1693140026327{margin-top: 0px !important;margin-bottom: 0px !important;padding-top: 0px !important;padding-bottom: 0px !important;}\u00bb mobile_bg_img_hidden=\u00bbno\u00bb tablet_bg_img_hidden=\u00bbno\u00bb takehost_parallax=\u00bb0&#8243; takehost_sticky_column=\u00bbfalse\u00bb parallax_scroll=\u00bbno\u00bb mobile_reset_margin=\u00bbno\u00bb tablet_reset_margin=\u00bbno\u00bb][vc_column_text text_larger=\u00bbno\u00bb css=\u00bb.vc_custom_1693717631056{margin-top: 0px !important;margin-bottom: 0px !important;padding-top: 0px !important;padding-bottom: 0px !important;}\u00bb]<\/p>\n<h5>Por qu\u00e9 alquilar un coche<\/h5>\n<h6>Top Wagen<\/h6>\n<p>Desde hace m\u00e1s de 5 a\u00f1os ofrecemos servicios completos de alquiler de coches en Ia\u0219i. Coches para alquiler a largo o corto plazo en Ia\u0219i y alrededores.[\/vc_column_text][\/vc_column][vc_column width=\u00bb1\/4&#8243; css=\u00bb.vc_custom_1693140032160{margin-top: 0px !important;margin-bottom: 0px !important;padding-top: 0px !important;padding-bottom: 0px !important;}\u00bb mobile_bg_img_hidden=\u00bbno\u00bb tablet_bg_img_hidden=\u00bbno\u00bb takehost_parallax=\u00bb0&#8243; takehost_sticky_column=\u00bbfalse\u00bb parallax_scroll=\u00bbno\u00bb mobile_reset_margin=\u00bbno\u00bb tablet_reset_margin=\u00bbno\u00bb][\/vc_column][\/vc_row][vc_row full_width=\u00bbstretch_row\u00bb css=\u00bb.vc_custom_1693140089782{margin-top: 0px !important;margin-bottom: 0px !important;padding-top: 0px !important;padding-bottom: 0px !important;background-color: #ffffff !important;}\u00bb mobile_bg_img_hidden=\u00bbno\u00bb tablet_bg_img_hidden=\u00bbno\u00bb takehost_parallax=\u00bb0&#8243; takehost_gradient_switch=\u00bbno\u00bb row_reverse_mobile=\u00bb0&#8243; row_reverse_tablet=\u00bb0&#8243; takehost_disable_overflow=\u00bb0&#8243; el_class=\u00bbiconiteacasa\u00bb][vc_column width=\u00bb1\/3&#8243; css=\u00bb.vc_custom_1693140078160{margin-top: 0px !important;margin-bottom: 0px !important;padding-top: 0px !important;padding-bottom: 0px !important;}\u00bb mobile_bg_img_hidden=\u00bbno\u00bb tablet_bg_img_hidden=\u00bbno\u00bb takehost_parallax=\u00bb0&#8243; takehost_sticky_column=\u00bbfalse\u00bb parallax_scroll=\u00bbno\u00bb mobile_reset_margin=\u00bbno\u00bb tablet_reset_margin=\u00bbno\u00bb]\t\t\t<div class=\"info-box-wrapper \">\n\t\t\t\t<div id=\"wd-64f4145d4006a\" class=\" takehost-info-box text-center box-icon-align-top box-style- color-scheme- takehost-bg-none box-title-default \"  >\n\t\t\t\t\t\t\t\t\t\t\t<div class=\"box-icon-wrapper  box-with-icon box-icon-simple\">\n\t\t\t\t\t\t\t<div class=\"info-box-icon\">\n\n\t\t\t\t\t\t\t\n\t\t\t\t\t\t\t\t\t\t\t\t\t\t\t\t\t<img loading=\"lazy\" decoding=\"async\" width=\"640\" height=\"640\" src=\"https:\/\/topwagen.ro\/wp-content\/uploads\/2023\/08\/speedometer.gif\" class=\"info-icon image-1 attachment-full\" alt=\"speedometer logo\" \/>\t\t\t\t\t\t\t\t\t\t\t\t\t\t\t\t\n\t\t\t\t\t\t\t\n\t\t\t\t\t\t\t<\/div>\n\t\t\t\t\t\t<\/div>\n\t\t\t\t\t\t\t\t\t\t<div class=\"info-box-content\">\n\t\t\t\t\t\t<p class=\"info-box-title takehost-font-weight- box-title-style-default\">Sin l\u00edmite de kilometraje<\/p>\t\t\t\t\t\t<div class=\"info-box-inner reset-mb-10\">\n\t\t\t\t\t\t\t<p>Top Wagen alquila coches sin que tengas que calcular las distancias que tienes que recorrer. <strong>Los kil\u00f3metros son ilimitados!<\/strong><\/p>\n\t\t\t\t\t\t<\/div>\n\n\t\t\t\t\t\t\t\t\t\t\t\t\n\t\t\t\t\t<\/div>\n\n\t\t\t\t\t\t\t\t\t<\/div>\n\t\t\t<\/div>\n\t\t[\/vc_column][vc_column width=\u00bb1\/3&#8243; css=\u00bb.vc_custom_1693132502114{margin-top: 0px !important;margin-bottom: 0px !important;padding-top: 0px !important;padding-bottom: 0px !important;}\u00bb mobile_bg_img_hidden=\u00bbno\u00bb tablet_bg_img_hidden=\u00bbno\u00bb takehost_parallax=\u00bb0&#8243; takehost_sticky_column=\u00bbfalse\u00bb parallax_scroll=\u00bbno\u00bb mobile_reset_margin=\u00bbno\u00bb tablet_reset_margin=\u00bbno\u00bb]\t\t\t<div class=\"info-box-wrapper \">\n\t\t\t\t<div id=\"wd-64f414724c6c1\" class=\" takehost-info-box text-center box-icon-align-top box-style- color-scheme- takehost-bg-none box-title-default \"  >\n\t\t\t\t\t\t\t\t\t\t\t<div class=\"box-icon-wrapper  box-with-icon box-icon-simple\">\n\t\t\t\t\t\t\t<div class=\"info-box-icon\">\n\n\t\t\t\t\t\t\t\n\t\t\t\t\t\t\t\t\t\t\t\t\t\t\t\t\t<img loading=\"lazy\" decoding=\"async\" width=\"640\" height=\"640\" src=\"https:\/\/topwagen.ro\/wp-content\/uploads\/2023\/08\/car.gif\" class=\"info-icon image-1 attachment-full\" alt=\"car logo\" \/>\t\t\t\t\t\t\t\t\t\t\t\t\t\t\t\t\n\t\t\t\t\t\t\t\n\t\t\t\t\t\t\t<\/div>\n\t\t\t\t\t\t<\/div>\n\t\t\t\t\t\t\t\t\t\t<div class=\"info-box-content\">\n\t\t\t\t\t\t<p class=\"info-box-title takehost-font-weight- box-title-style-default\">M\u00e1quinas modernas, limpias y seguras<\/p>\t\t\t\t\t\t<div class=\"info-box-inner reset-mb-10\">\n\t\t\t\t\t\t\t<p>Cuando se trata de seguridad, puede contar con nosotros. Ofrecemos marcas de coches <strong>modernas<\/strong>, <strong>limpias <\/strong>y <strong>seguras<\/strong>!<\/p>\n\t\t\t\t\t\t<\/div>\n\n\t\t\t\t\t\t\t\t\t\t\t\t\n\t\t\t\t\t<\/div>\n\n\t\t\t\t\t\t\t\t\t<\/div>\n\t\t\t<\/div>\n\t\t[\/vc_column][vc_column width=\u00bb1\/3&#8243; css=\u00bb.vc_custom_1693132508947{margin-top: 0px !important;margin-bottom: 0px !important;padding-top: 0px !important;padding-bottom: 0px !important;}\u00bb mobile_bg_img_hidden=\u00bbno\u00bb tablet_bg_img_hidden=\u00bbno\u00bb takehost_parallax=\u00bb0&#8243; takehost_sticky_column=\u00bbfalse\u00bb parallax_scroll=\u00bbno\u00bb mobile_reset_margin=\u00bbno\u00bb tablet_reset_margin=\u00bbno\u00bb]\t\t\t<div class=\"info-box-wrapper \">\n\t\t\t\t<div id=\"wd-64f414e667183\" class=\" takehost-info-box text-center box-icon-align-top box-style- color-scheme- takehost-bg-none box-title-default \"  >\n\t\t\t\t\t\t\t\t\t\t\t<div class=\"box-icon-wrapper  box-with-icon box-icon-simple\">\n\t\t\t\t\t\t\t<div class=\"info-box-icon\">\n\n\t\t\t\t\t\t\t\n\t\t\t\t\t\t\t\t\t\t\t\t\t\t\t\t\t<img loading=\"lazy\" decoding=\"async\" width=\"640\" height=\"640\" src=\"https:\/\/topwagen.ro\/wp-content\/uploads\/2023\/08\/eco-fuel.gif\" class=\"info-icon image-1 attachment-full\" alt=\"eco fuel pomp logo\" \/>\t\t\t\t\t\t\t\t\t\t\t\t\t\t\t\t\n\t\t\t\t\t\t\t\n\t\t\t\t\t\t\t<\/div>\n\t\t\t\t\t\t<\/div>\n\t\t\t\t\t\t\t\t\t\t<div class=\"info-box-content\">\n\t\t\t\t\t\t<p class=\"info-box-title takehost-font-weight- box-title-style-default\">Pol\u00edtica de combustible amigable!<\/p>\t\t\t\t\t\t<div class=\"info-box-inner reset-mb-10\">\n\t\t\t\t\t\t\t<p>Utilizamos la pol\u00edtica de combustible m\u00e1s popular: el coche ser\u00e1 devuelto con el <strong>mismo nivel<\/strong> de combustible.<\/p>\n\t\t\t\t\t\t<\/div>\n\n\t\t\t\t\t\t\t\t\t\t\t\t\n\t\t\t\t\t<\/div>\n\n\t\t\t\t\t\t\t\t\t<\/div>\n\t\t\t<\/div>\n\t\t[\/vc_column][\/vc_row][vc_row full_width=\u00bbstretch_row\u00bb css=\u00bb.vc_custom_1693140086688{margin-top: 0px !important;margin-bottom: 0px !important;padding-top: 0px !important;background-color: #ffffff !important;}\u00bb mobile_bg_img_hidden=\u00bbno\u00bb tablet_bg_img_hidden=\u00bbno\u00bb takehost_parallax=\u00bb0&#8243; takehost_gradient_switch=\u00bbno\u00bb row_reverse_mobile=\u00bb0&#8243; row_reverse_tablet=\u00bb0&#8243; takehost_disable_overflow=\u00bb0&#8243; el_class=\u00bbiconiteacasadoi\u00bb][vc_column width=\u00bb1\/3&#8243; css=\u00bb.vc_custom_1693132496825{margin-top: 0px !important;margin-bottom: 0px !important;padding-top: 0px !important;padding-bottom: 0px !important;}\u00bb mobile_bg_img_hidden=\u00bbno\u00bb tablet_bg_img_hidden=\u00bbno\u00bb takehost_parallax=\u00bb0&#8243; takehost_sticky_column=\u00bbfalse\u00bb parallax_scroll=\u00bbno\u00bb mobile_reset_margin=\u00bbno\u00bb tablet_reset_margin=\u00bbno\u00bb]\t\t\t<div class=\"info-box-wrapper \">\n\t\t\t\t<div id=\"wd-64f414f8f0ddf\" class=\" takehost-info-box text-center box-icon-align-top box-style- color-scheme- takehost-bg-none box-title-default \"  >\n\t\t\t\t\t\t\t\t\t\t\t<div class=\"box-icon-wrapper  box-with-icon box-icon-simple\">\n\t\t\t\t\t\t\t<div class=\"info-box-icon\">\n\n\t\t\t\t\t\t\t\n\t\t\t\t\t\t\t\t\t\t\t\t\t\t\t\t\t<img loading=\"lazy\" decoding=\"async\" width=\"640\" height=\"640\" src=\"https:\/\/topwagen.ro\/wp-content\/uploads\/2023\/08\/verified.gif\" class=\"info-icon image-1 attachment-full\" alt=\"verified logo\" \/>\t\t\t\t\t\t\t\t\t\t\t\t\t\t\t\t\n\t\t\t\t\t\t\t\n\t\t\t\t\t\t\t<\/div>\n\t\t\t\t\t\t<\/div>\n\t\t\t\t\t\t\t\t\t\t<div class=\"info-box-content\">\n\t\t\t\t\t\t<p class=\"info-box-title takehost-font-weight- box-title-style-default\">Puntuales, fiables y flexibles!<\/p>\t\t\t\t\t\t<div class=\"info-box-inner reset-mb-10\">\n\t\t\t\t\t\t\t<p>A lo largo de los a\u00f1os he aprendido que los criterios m\u00e1s importantes a la hora de alquilar un coche son <strong>la rapidez<\/strong>, <strong>la fiabilidad<\/strong> y <strong>la flexibilidad<\/strong>!<\/p>\n\t\t\t\t\t\t<\/div>\n\n\t\t\t\t\t\t\t\t\t\t\t\t\n\t\t\t\t\t<\/div>\n\n\t\t\t\t\t\t\t\t\t<\/div>\n\t\t\t<\/div>\n\t\t[\/vc_column][vc_column width=\u00bb1\/3&#8243; css=\u00bb.vc_custom_1693140080510{margin-top: 0px !important;margin-bottom: 0px !important;padding-top: 0px !important;padding-bottom: 0px !important;}\u00bb mobile_bg_img_hidden=\u00bbno\u00bb tablet_bg_img_hidden=\u00bbno\u00bb takehost_parallax=\u00bb0&#8243; takehost_sticky_column=\u00bbfalse\u00bb parallax_scroll=\u00bbno\u00bb mobile_reset_margin=\u00bbno\u00bb tablet_reset_margin=\u00bbno\u00bb]\t\t\t<div class=\"info-box-wrapper \">\n\t\t\t\t<div id=\"wd-64f415166ffd8\" class=\" takehost-info-box text-center box-icon-align-top box-style- color-scheme- takehost-bg-none box-title-default \"  >\n\t\t\t\t\t\t\t\t\t\t\t<div class=\"box-icon-wrapper  box-with-icon box-icon-simple\">\n\t\t\t\t\t\t\t<div class=\"info-box-icon\">\n\n\t\t\t\t\t\t\t\n\t\t\t\t\t\t\t\t\t\t\t\t\t\t\t\t\t<img loading=\"lazy\" decoding=\"async\" width=\"640\" height=\"640\" src=\"https:\/\/topwagen.ro\/wp-content\/uploads\/2023\/08\/agreement.gif\" class=\"info-icon image-1 attachment-full\" alt=\"two hands agreement logo\" \/>\t\t\t\t\t\t\t\t\t\t\t\t\t\t\t\t\n\t\t\t\t\t\t\t\n\t\t\t\t\t\t\t<\/div>\n\t\t\t\t\t\t<\/div>\n\t\t\t\t\t\t\t\t\t\t<div class=\"info-box-content\">\n\t\t\t\t\t\t<p class=\"info-box-title takehost-font-weight- box-title-style-default\">Valoramos a nuestros clientes<\/p>\t\t\t\t\t\t<div class=\"info-box-inner reset-mb-10\">\n\t\t\t\t\t\t\t<p>Ofrecemos servicios de alquiler de coches <strong>sin cargo de aeropuerto<\/strong> u otros gastos de entrega!<\/p>\n\t\t\t\t\t\t<\/div>\n\n\t\t\t\t\t\t\t\t\t\t\t\t\n\t\t\t\t\t<\/div>\n\n\t\t\t\t\t\t\t\t\t<\/div>\n\t\t\t<\/div>\n\t\t[\/vc_column][vc_column width=\u00bb1\/3&#8243; css=\u00bb.vc_custom_1693140082542{margin-top: 0px !important;margin-bottom: 0px !important;padding-top: 0px !important;padding-bottom: 0px !important;}\u00bb mobile_bg_img_hidden=\u00bbno\u00bb tablet_bg_img_hidden=\u00bbno\u00bb takehost_parallax=\u00bb0&#8243; takehost_sticky_column=\u00bbfalse\u00bb parallax_scroll=\u00bbno\u00bb mobile_reset_margin=\u00bbno\u00bb tablet_reset_margin=\u00bbno\u00bb]\t\t\t<div class=\"info-box-wrapper \">\n\t\t\t\t<div id=\"wd-64f4152c263cf\" class=\" takehost-info-box text-center box-icon-align-top box-style- color-scheme- takehost-bg-none box-title-default \"  >\n\t\t\t\t\t\t\t\t\t\t\t<div class=\"box-icon-wrapper  box-with-icon box-icon-simple\">\n\t\t\t\t\t\t\t<div class=\"info-box-icon\">\n\n\t\t\t\t\t\t\t\n\t\t\t\t\t\t\t\t\t\t\t\t\t\t\t\t\t<img loading=\"lazy\" decoding=\"async\" width=\"640\" height=\"640\" src=\"https:\/\/topwagen.ro\/wp-content\/uploads\/2023\/08\/phone.gif\" class=\"info-icon image-1 attachment-full\" alt=\"phone logo\" \/>\t\t\t\t\t\t\t\t\t\t\t\t\t\t\t\t\n\t\t\t\t\t\t\t\n\t\t\t\t\t\t\t<\/div>\n\t\t\t\t\t\t<\/div>\n\t\t\t\t\t\t\t\t\t\t<div class=\"info-box-content\">\n\t\t\t\t\t\t<p class=\"info-box-title takehost-font-weight- box-title-style-default\">Asistencia t\u00e9cnica 24 horas al d\u00eda, 7 d\u00edas a la semana<\/p>\t\t\t\t\t\t<div class=\"info-box-inner reset-mb-10\">\n\t\t\t\t\t\t\t<p>El equipo de <strong>Top Wagen<\/strong> le ofrece asistencia <strong>non stop<\/strong> durante todo el periodo de alquiler.<\/p>\n\t\t\t\t\t\t<\/div>\n\n\t\t\t\t\t\t\t\t\t\t\t\t\n\t\t\t\t\t<\/div>\n\n\t\t\t\t\t\t\t\t\t<\/div>\n\t\t\t<\/div>\n\t\t[\/vc_column][\/vc_row]<\/p>\n","protected":false},"excerpt":{"rendered":"<p>[vc_row full_width=\u00bbstretch_row_content_no_spaces\u00bb css=\u00bb.vc_custom_1693153277916{margin-top: 0px !important;margin-bottom: 0px !important;padding-top: 0px !important;padding-bottom: 0px !important;}\u00bb mobile_bg_img_hidden=\u00bbno\u00bb tablet_bg_img_hidden=\u00bbno\u00bb takehost_parallax=\u00bb0&#8243; takehost_gradient_switch=\u00bbno\u00bb row_reverse_mobile=\u00bb0&#8243; row_reverse_tablet=\u00bb0&#8243; takehost_disable_overflow=\u00bb0&#8243;][vc_column css=\u00bb.vc_custom_1693153282948{margin-top: 0px<\/p>\n","protected":false},"author":9,"featured_media":365,"parent":0,"menu_order":0,"comment_status":"closed","ping_status":"closed","template":"","meta":{"footnotes":""},"class_list":["post-455","page","type-page","status-publish","has-post-thumbnail","hentry"],"aioseo_notices":[],"_links":{"self":[{"href":"https:\/\/topwagen.ro\/es\/wp-json\/wp\/v2\/pages\/455","targetHints":{"allow":["GET"]}}],"collection":[{"href":"https:\/\/topwagen.ro\/es\/wp-json\/wp\/v2\/pages"}],"about":[{"href":"https:\/\/topwagen.ro\/es\/wp-json\/wp\/v2\/types\/page"}],"author":[{"embeddable":true,"href":"https:\/\/topwagen.ro\/es\/wp-json\/wp\/v2\/users\/9"}],"replies":[{"embeddable":true,"href":"https:\/\/topwagen.ro\/es\/wp-json\/wp\/v2\/comments?post=455"}],"version-history":[{"count":0,"href":"https:\/\/topwagen.ro\/es\/wp-json\/wp\/v2\/pages\/455\/revisions"}],"wp:featuredmedia":[{"embeddable":true,"href":"https:\/\/topwagen.ro\/es\/wp-json\/wp\/v2\/media\/365"}],"wp:attachment":[{"href":"https:\/\/topwagen.ro\/es\/wp-json\/wp\/v2\/media?parent=455"}],"curies":[{"name":"wp","href":"https:\/\/api.w.org\/{rel}","templated":true}]}}